{"id":159,"date":"2016-06-20T22:07:44","date_gmt":"2016-06-20T20:07:44","guid":{"rendered":"http:\/\/dlb.bplaced.net\/?page_id=159"},"modified":"2024-12-14T22:57:22","modified_gmt":"2024-12-14T21:57:22","slug":"termine-2","status":"publish","type":"page","link":"https:\/\/www.butterflies-rdc-hamburg.de\/?page_id=159","title":{"rendered":"Clubabende"},"content":{"rendered":"<p style=\"text-align: center;\">Wir tanzen jeden <strong>Dienstag von 19:30 bis 21:30 Uhr<\/strong><br \/>\n(au\u00dfer in den Hamburger Schulferien).<\/p>\n<p style=\"text-align: center;\">Zus\u00e4tzlich bieten wir jeden 1. und 2. Mittwoch im Monat einen Trainingsabend f\u00fcr fortgeschrittene T\u00e4nzer*Innen.<\/p>\n<p style=\"text-align: center;\">Tanzort: Schule Ohkamp, Ohkampring 13, 22339 Hamburg<\/p>\n","protected":false},"excerpt":{"rendered":"<p>Wir tanzen jeden Dienstag von 19:30 bis 21:30 Uhr (au\u00dfer in den Hamburger Schulferien). Zus\u00e4tzlich bieten wir jeden 1. und 2. Mittwoch im Monat einen Trainingsabend f\u00fcr fortgeschrittene T\u00e4nzer*Innen. Tanzort: Schule Ohkamp, Ohkampring 13, 22339 Hamburg<\/p>\n","protected":false},"author":1,"featured_media":0,"parent":0,"menu_order":0,"comment_status":"closed","ping_status":"closed","template":"","meta":{"footnotes":""},"class_list":["post-159","page","type-page","status-publish","hentry","entry"],"_links":{"self":[{"href":"https:\/\/www.butterflies-rdc-hamburg.de\/index.php?rest_route=\/wp\/v2\/pages\/159","targetHints":{"allow":["GET"]}}],"collection":[{"href":"https:\/\/www.butterflies-rdc-hamburg.de\/index.php?rest_route=\/wp\/v2\/pages"}],"about":[{"href":"https:\/\/www.butterflies-rdc-hamburg.de\/index.php?rest_route=\/wp\/v2\/types\/page"}],"author":[{"embeddable":true,"href":"https:\/\/www.butterflies-rdc-hamburg.de\/index.php?rest_route=\/wp\/v2\/users\/1"}],"replies":[{"embeddable":true,"href":"https:\/\/www.butterflies-rdc-hamburg.de\/index.php?rest_route=%2Fwp%2Fv2%2Fcomments&post=159"}],"version-history":[{"count":24,"href":"https:\/\/www.butterflies-rdc-hamburg.de\/index.php?rest_route=\/wp\/v2\/pages\/159\/revisions"}],"predecessor-version":[{"id":573,"href":"https:\/\/www.butterflies-rdc-hamburg.de\/index.php?rest_route=\/wp\/v2\/pages\/159\/revisions\/573"}],"wp:attachment":[{"href":"https:\/\/www.butterflies-rdc-hamburg.de\/index.php?rest_route=%2Fwp%2Fv2%2Fmedia&parent=159"}],"curies":[{"name":"wp","href":"https:\/\/api.w.org\/{rel}","templated":true}]}}